{"id":347,"date":"2017-09-28T11:09:32","date_gmt":"2017-09-28T08:09:32","guid":{"rendered":"https:\/\/www.bylistening.fi\/forsta-sidan\/"},"modified":"2025-02-13T11:57:48","modified_gmt":"2025-02-13T09:57:48","slug":"forsta-sidan","status":"publish","type":"page","link":"https:\/\/www.bylistening.fi\/sv\/","title":{"rendered":"F\u00f6rsta sidan"},"content":{"rendered":"<div class=\"wpb-content-wrapper\"><p>[vc_row full_width=&#8221;stretch_row&#8221; hide_bg_image_on_tablet=&#8221;&#8221; hide_bg_image_on_mobile=&#8221;&#8221; shape_divider_top_front=&#8221;&#8221; shape_divider_bottom_front=&#8221;&#8221; row_delimiter=&#8221;&#8221; hide_on_desktop=&#8221;&#8221; hide_on_notebook=&#8221;&#8221; hide_on_tablet=&#8221;&#8221; hide_on_mobile=&#8221;&#8221; hide_on_frontpage=&#8221;&#8221;][vc_column fix_column=&#8221;&#8221; hide_bg_image_on_tablet=&#8221;&#8221; hide_bg_image_on_mobile=&#8221;&#8221; icons_position=&#8221;left&#8221;][rev_slider_vc alias=&#8221;home-1&#8243;][\/vc_column][\/vc_row][vc_row content_placement=&#8221;top&#8221; css_animation=&#8221;fadeIn&#8221; row_delimiter=&#8221;&#8221; hide_on_desktop=&#8221;&#8221; hide_on_notebook=&#8221;&#8221; hide_on_tablet=&#8221;&#8221; hide_on_mobile=&#8221;&#8221; hide_on_frontpage=&#8221;&#8221;][vc_column icons_position=&#8221;left&#8221;][vc_empty_space height=&#8221;8.6em&#8221; alter_height=&#8221;none&#8221; hide_on_desktop=&#8221;&#8221; hide_on_notebook=&#8221;&#8221; hide_on_tablet=&#8221;&#8221; hide_on_mobile=&#8221;&#8221;][\/vc_column][vc_column width=&#8221;1\/2&#8243; icons_position=&#8221;left&#8221;][vc_single_image image=&#8221;428&#8243; img_size=&#8221;full&#8221;][\/vc_column][vc_column width=&#8221;1\/2&#8243; icons_position=&#8221;left&#8221;]<div id=\"sc_content_379983036\"\r\n\t\tclass=\"sc_content sc_content_default sc_float_center sc_shift_x_tiny\"><div class=\"sc_content_container\"><div id=\"sc_title_821134496\"\r\n\t\tclass=\"sc_title sc_title_default\"><h6 class=\"sc_item_subtitle sc_title_subtitle sc_align_left sc_item_title_style_default\">Nona Avell\u00e1n<\/h6><h3 class=\"sc_item_title sc_title_title sc_align_left sc_item_title_style_default sc_item_title_tag\">Legitimerad par- och familjepsykoterapeut och arbetshandledare<\/h3><\/div><!-- \/.sc_title -->[vc_empty_space height=&#8221;2em&#8221; alter_height=&#8221;none&#8221; hide_on_desktop=&#8221;&#8221; hide_on_notebook=&#8221;&#8221; hide_on_tablet=&#8221;&#8221; hide_on_mobile=&#8221;&#8221;][vc_custom_heading text=&#8221;Emotionellt fokuserad parterapi st\u00e5r v\u00e4ldigt n\u00e4ra mitt hj\u00e4rta och jag brinner f\u00f6r att hj\u00e4lpa par att bygga en tryggare k\u00e4nslom\u00e4ssig kontakt till varandra.&#8221; font_container=&#8221;tag:h5|font_size:20|text_align:left|color:%237e6162&#8243; use_theme_fonts=&#8221;yes&#8221; css=&#8221;.vc_custom_1669024477438{margin-top: 0px !important;margin-bottom: 0px !important;}&#8221;][vc_empty_space height=&#8221;1.4em&#8221; alter_height=&#8221;none&#8221; hide_on_desktop=&#8221;&#8221; hide_on_notebook=&#8221;&#8221; hide_on_tablet=&#8221;&#8221; hide_on_mobile=&#8221;&#8221;][vc_column_text]Jag har jobbat med m\u00e4nniskor och relationer i \u00f6ver 20 \u00e5rs tid. F\u00f6r mig \u00e4r det viktigt att lyssna p\u00e5 dig f\u00f6r att f\u00e5 en f\u00f6rst\u00e5else f\u00f6r din livssituation. Min m\u00e5ls\u00e4ttning \u00e4r att tillsammans med dig hitta dina styrkor och jag hoppas kunna inge hopp om att f\u00f6r\u00e4ndring till det b\u00e4ttre \u00e4r fullt m\u00f6jligt.[\/vc_column_text][vc_empty_space height=&#8221;1.4em&#8221; alter_height=&#8221;none&#8221; hide_on_desktop=&#8221;&#8221; hide_on_notebook=&#8221;&#8221; hide_on_tablet=&#8221;&#8221; hide_on_mobile=&#8221;&#8221;]<a href=\"\/sv\/om-mig\" id=\"sc_button_932044189\" class=\"sc_button sc_button_default sc_button_size_normal sc_button_icon_left\"><span class=\"sc_button_text\"><span class=\"sc_button_title\">L\u00e4s mer<\/span><\/span><!-- \/.sc_button_text --><\/a><!-- \/.sc_button --><\/div><\/div><!-- \/.sc_content -->[\/vc_column][vc_column icons_position=&#8221;left&#8221;][vc_empty_space height=&#8221;8.6em&#8221; alter_height=&#8221;none&#8221; hide_on_desktop=&#8221;&#8221; hide_on_notebook=&#8221;&#8221; hide_on_tablet=&#8221;&#8221; hide_on_mobile=&#8221;&#8221;][\/vc_column][\/vc_row][vc_row full_width=&#8221;stretch_row_content_no_spaces&#8221; equal_height=&#8221;yes&#8221; content_placement=&#8221;middle&#8221; row_delimiter=&#8221;&#8221; hide_on_desktop=&#8221;&#8221; hide_on_notebook=&#8221;&#8221; hide_on_tablet=&#8221;&#8221; hide_on_mobile=&#8221;&#8221; hide_on_frontpage=&#8221;&#8221;][vc_column css_animation=&#8221;fadeIn&#8221; width=&#8221;1\/2&#8243; hide_bg_image_on_tablet=&#8221;&#8221; hide_bg_image_on_mobile=&#8221;&#8221; icons_position=&#8221;left&#8221; css=&#8221;.vc_custom_1668779321003{background-color: #f3f2ee !important;}&#8221;][vc_empty_space height=&#8221;3em&#8221; alter_height=&#8221;none&#8221; hide_on_desktop=&#8221;&#8221; hide_on_notebook=&#8221;&#8221; hide_on_tablet=&#8221;&#8221; hide_on_mobile=&#8221;&#8221;]<div id=\"sc_content_1546430913\"\r\n\t\tclass=\"sc_content sc_content_default sc_float_center sc_padding_large\"><div class=\"sc_content_container\">[vc_row_inner content_placement=&#8221;middle&#8221;][vc_column_inner width=&#8221;1\/3&#8243; hide_bg_image_on_tablet=&#8221;&#8221; hide_bg_image_on_mobile=&#8221;&#8221; icons_position=&#8221;left&#8221; offset=&#8221;vc_hidden-xs&#8221;][vc_single_image image=&#8221;341&#8243; img_size=&#8221;full&#8221;][\/vc_column_inner][vc_column_inner width=&#8221;2\/3&#8243; icons_position=&#8221;left&#8221;]<div id=\"sc_title_462229195\"\r\n\t\tclass=\"sc_title sc_title_default\"><h3 class=\"sc_item_title sc_title_title sc_align_left sc_item_title_style_default sc_item_title_tag\">Hur kan jag hj\u00e4lpa?<\/h3><\/div><!-- \/.sc_title -->[vc_empty_space hide_on_desktop=&#8221;&#8221; hide_on_notebook=&#8221;&#8221; hide_on_tablet=&#8221;&#8221; hide_on_mobile=&#8221;&#8221;][vc_column_text]Du kan boka en tid till mig om du \u00f6nskar hj\u00e4lp med att bygga en tryggare emotionell kontakt till din partner eller om du har utmaningar i relationerna till dina familjemedlemmar.<\/p>\n<p>Jag erbjuder ocks\u00e5 arbetshandledning, skolning och konsulttj\u00e4nster.[\/vc_column_text][\/vc_column_inner][\/vc_row_inner]<\/div><\/div><!-- \/.sc_content -->[vc_empty_space height=&#8221;2.7em&#8221; alter_height=&#8221;none&#8221; hide_on_desktop=&#8221;&#8221; hide_on_notebook=&#8221;&#8221; hide_on_tablet=&#8221;&#8221; hide_on_mobile=&#8221;&#8221;][\/vc_column][vc_column css_animation=&#8221;fadeIn&#8221; width=&#8221;1\/2&#8243; fix_column=&#8221;&#8221; hide_bg_image_on_tablet=&#8221;&#8221; hide_bg_image_on_mobile=&#8221;1&#8243; icons_position=&#8221;left&#8221; css=&#8221;.vc_custom_1669207863239{background: #cee4f4 url(https:\/\/www.bylistening.fi\/wp-content\/uploads\/2022\/11\/miten_voin_auttaa.jpg?id=287) !important;background-position: center !important;background-repeat: no-repeat !important;background-size: cover !important;}&#8221;][\/vc_column][\/vc_row][vc_row row_delimiter=&#8221;&#8221; hide_on_desktop=&#8221;&#8221; hide_on_notebook=&#8221;&#8221; hide_on_tablet=&#8221;1&#8243; hide_on_mobile=&#8221;&#8221; hide_on_frontpage=&#8221;&#8221;][vc_column css_animation=&#8221;fadeIn&#8221; icons_position=&#8221;left&#8221;][vc_empty_space height=&#8221;8.4em&#8221; alter_height=&#8221;none&#8221; hide_on_desktop=&#8221;&#8221; hide_on_notebook=&#8221;&#8221; hide_on_tablet=&#8221;&#8221; hide_on_mobile=&#8221;&#8221;]<div id=\"sc_title_80243930\"\r\n\t\tclass=\"sc_title sc_title_default\"><h6 class=\"sc_item_subtitle sc_title_subtitle sc_align_center sc_item_title_style_default\">Vad \u00f6nskar du?<\/h6><h2 class=\"sc_item_title sc_title_title sc_align_center sc_item_title_style_default\">Bekanta dig med mina tj\u00e4nster<\/h2><\/div><!-- \/.sc_title -->[vc_empty_space height=&#8221;3.5em&#8221; alter_height=&#8221;none&#8221; hide_on_desktop=&#8221;&#8221; hide_on_notebook=&#8221;&#8221; hide_on_tablet=&#8221;&#8221; hide_on_mobile=&#8221;&#8221;][vc_row_inner equal_height=&#8221;yes&#8221; content_placement=&#8221;top&#8221; gap=&#8221;30&#8243; hide_bg_image_on_tablet=&#8221;&#8221; hide_bg_image_on_mobile=&#8221;&#8221; shape_divider_top_front=&#8221;&#8221; shape_divider_bottom_front=&#8221;&#8221; row_delimiter=&#8221;&#8221;][vc_column_inner width=&#8221;1\/4&#8243; hide_bg_image_on_tablet=&#8221;&#8221; hide_bg_image_on_mobile=&#8221;&#8221; icons_position=&#8221;left&#8221;][vc_single_image image=&#8221;360&#8243; img_size=&#8221;full&#8221;][vc_empty_space height=&#8221;2em&#8221; alter_height=&#8221;none&#8221; hide_on_desktop=&#8221;&#8221; hide_on_notebook=&#8221;&#8221; hide_on_tablet=&#8221;&#8221; hide_on_mobile=&#8221;&#8221;]<div id=\"sc_title_785720995\"\r\n\t\tclass=\"sc_title sc_title_default\"><h5 class=\"sc_item_title sc_title_title sc_align_left sc_item_title_style_default sc_item_title_tag\">Emotionellt fokuserad parterapi<\/h5><div class=\"sc_item_descr sc_title_descr sc_align_left\"><p>I emotionellt fokuserad parterapi \u00e4r syftet att \u00f6ka tryggheten i relationen och hj\u00e4lpa b\u00e5da parterna att uttrycka sina behov och k\u00e4nslor och att skapa nya positiva m\u00f6nster.<\/p>\n<\/div><div class=\"sc_item_button sc_button_wrap sc_align_left\"><a href=\"\/sv\/parterapi\" id=\"sc_button_1217236181\" class=\"sc_button sc_button_default sc_item_button sc_item_button_default sc_title_button sc_button_size_normal sc_button_icon_left\"><span class=\"sc_button_text\"><span class=\"sc_button_title\">L\u00e4s mer<\/span><\/span><!-- \/.sc_button_text --><\/a><!-- \/.sc_button --><\/div><!-- \/.sc_item_button --><\/div><!-- \/.sc_title -->[\/vc_column_inner][vc_column_inner width=&#8221;1\/4&#8243; hide_bg_image_on_tablet=&#8221;&#8221; hide_bg_image_on_mobile=&#8221;&#8221; icons_position=&#8221;left&#8221;][vc_single_image image=&#8221;362&#8243; img_size=&#8221;full&#8221;][vc_empty_space height=&#8221;2em&#8221; alter_height=&#8221;none&#8221; hide_on_desktop=&#8221;&#8221; hide_on_notebook=&#8221;&#8221; hide_on_tablet=&#8221;&#8221; hide_on_mobile=&#8221;&#8221;]<div id=\"sc_title_36827724\"\r\n\t\tclass=\"sc_title sc_title_default\"><h5 class=\"sc_item_title sc_title_title sc_align_left sc_item_title_style_default sc_item_title_tag\">Individuella st\u00f6dsamtal<\/h5><div class=\"sc_item_descr sc_title_descr sc_align_left\"><p>Ibland kan livet f\u00f6ra med sig omst\u00e4llningar och utmaningar som k\u00e4nns \u00f6verm\u00e4ktiga att bem\u00e4stra p\u00e5 egen hand. Om du funderar p\u00e5 din parrelation eller p\u00e5 din roll som f\u00f6r\u00e4lder och k\u00e4nner att du beh\u00f6ver prata med en utomst\u00e5ende erbjuder jag individuellt samtalsst\u00f6d.<\/p>\n<\/div><div class=\"sc_item_button sc_button_wrap sc_align_left\"><a href=\"\/sv\/individuella-stodsamtal\" id=\"sc_button_1614067313\" class=\"sc_button sc_button_default sc_item_button sc_item_button_default sc_title_button sc_button_size_normal sc_button_icon_left\"><span class=\"sc_button_text\"><span class=\"sc_button_title\">L\u00e4s mer<\/span><\/span><!-- \/.sc_button_text --><\/a><!-- \/.sc_button --><\/div><!-- \/.sc_item_button --><\/div><!-- \/.sc_title -->[\/vc_column_inner][vc_column_inner width=&#8221;1\/4&#8243; icons_position=&#8221;left&#8221;][vc_single_image image=&#8221;358&#8243; img_size=&#8221;full&#8221;][vc_empty_space height=&#8221;2em&#8221; alter_height=&#8221;none&#8221; hide_on_desktop=&#8221;&#8221; hide_on_notebook=&#8221;&#8221; hide_on_tablet=&#8221;&#8221; hide_on_mobile=&#8221;&#8221;]<div id=\"sc_title_1722725554\"\r\n\t\tclass=\"sc_title sc_title_default\"><h5 class=\"sc_item_title sc_title_title sc_align_left sc_item_title_style_default sc_item_title_tag\">Familjeterapi<\/h5><div class=\"sc_item_descr sc_title_descr sc_align_left\"><p>I familjeterapi jobbar man bland annat med att f\u00f6rb\u00e4ttra relationerna mellan familjemedlemmarna, att bem\u00e4stra sv\u00e5ra livssituationer och att komma vidare i kriser. Jag vill hj\u00e4lpa dig och dina familjemedlemmarna att hitta mera fungerande interaktionsmodeller.<\/p>\n<\/div><div class=\"sc_item_button sc_button_wrap sc_align_left\"><a href=\"\/sv\/familjeterapi\" id=\"sc_button_761830783\" class=\"sc_button sc_button_default sc_item_button sc_item_button_default sc_title_button sc_button_size_normal sc_button_icon_left\"><span class=\"sc_button_text\"><span class=\"sc_button_title\">L\u00e4s mer<\/span><\/span><!-- \/.sc_button_text --><\/a><!-- \/.sc_button --><\/div><!-- \/.sc_item_button --><\/div><!-- \/.sc_title -->[\/vc_column_inner][vc_column_inner width=&#8221;1\/4&#8243; icons_position=&#8221;left&#8221;][vc_single_image image=&#8221;356&#8243; img_size=&#8221;full&#8221;][vc_empty_space height=&#8221;2em&#8221; alter_height=&#8221;none&#8221; hide_on_desktop=&#8221;&#8221; hide_on_notebook=&#8221;&#8221; hide_on_tablet=&#8221;&#8221; hide_on_mobile=&#8221;&#8221;]<div id=\"sc_title_558463227\"\r\n\t\tclass=\"sc_title sc_title_default\"><h5 class=\"sc_item_title sc_title_title sc_align_left sc_item_title_style_default sc_item_title_tag\">Arbetshandledning, konsultation och skolning<\/h5><div class=\"sc_item_descr sc_title_descr sc_align_left\"><p>Jag erbjuder arbetshandledning f\u00f6r individer, arbetsgrupper och organisationer. Arbetshandledning \u00e4r en m\u00e5linriktad, konfidentiell process. I arbetshandledning kan man granska och utveckla erfarenheter och k\u00e4nslor som \u00e4r kopplade till arbetsrollen, arbetet och arbetsgemenskapen.<\/p>\n<\/div><div class=\"sc_item_button sc_button_wrap sc_align_left\"><a href=\"\/sv\/arbetshandledning\" id=\"sc_button_598368180\" class=\"sc_button sc_button_default sc_item_button sc_item_button_default sc_title_button sc_button_size_normal sc_button_icon_left\"><span class=\"sc_button_text\"><span class=\"sc_button_title\">L\u00e4s mer<\/span><\/span><!-- \/.sc_button_text --><\/a><!-- \/.sc_button --><\/div><!-- \/.sc_item_button --><\/div><!-- \/.sc_title -->[\/vc_column_inner][\/vc_row_inner][vc_empty_space height=&#8221;3em&#8221; alter_height=&#8221;none&#8221; hide_on_desktop=&#8221;&#8221; hide_on_notebook=&#8221;&#8221; hide_on_tablet=&#8221;&#8221; hide_on_mobile=&#8221;&#8221;][\/vc_column][\/vc_row][vc_row row_delimiter=&#8221;&#8221; hide_on_desktop=&#8221;1&#8243; hide_on_notebook=&#8221;1&#8243; hide_on_tablet=&#8221;&#8221; hide_on_mobile=&#8221;1&#8243; hide_on_frontpage=&#8221;&#8221;][vc_column css_animation=&#8221;fadeIn&#8221; icons_position=&#8221;left&#8221;][vc_empty_space height=&#8221;8.4em&#8221; alter_height=&#8221;none&#8221; hide_on_desktop=&#8221;&#8221; hide_on_notebook=&#8221;&#8221; hide_on_tablet=&#8221;&#8221; hide_on_mobile=&#8221;&#8221;]<div id=\"sc_title_2144137397\"\r\n\t\tclass=\"sc_title sc_title_default\"><h6 class=\"sc_item_subtitle sc_title_subtitle sc_align_center sc_item_title_style_default\">Vad saknar du?<\/h6><h2 class=\"sc_item_title sc_title_title sc_align_center sc_item_title_style_default\">L\u00e4ra k\u00e4nna mina tj\u00e4nster<\/h2><\/div><!-- \/.sc_title -->[vc_empty_space height=&#8221;3.5em&#8221; alter_height=&#8221;none&#8221; hide_on_desktop=&#8221;&#8221; hide_on_notebook=&#8221;&#8221; hide_on_tablet=&#8221;&#8221; hide_on_mobile=&#8221;&#8221;][vc_row_inner equal_height=&#8221;yes&#8221; content_placement=&#8221;top&#8221; gap=&#8221;30&#8243; hide_bg_image_on_tablet=&#8221;&#8221; hide_bg_image_on_mobile=&#8221;&#8221; shape_divider_top_front=&#8221;&#8221; shape_divider_bottom_front=&#8221;&#8221; row_delimiter=&#8221;&#8221;][vc_column_inner width=&#8221;1\/2&#8243; hide_bg_image_on_tablet=&#8221;&#8221; hide_bg_image_on_mobile=&#8221;&#8221; icons_position=&#8221;left&#8221;][vc_single_image image=&#8221;360&#8243; img_size=&#8221;full&#8221;][vc_empty_space height=&#8221;2em&#8221; hide_on_desktop=&#8221;&#8221; hide_on_notebook=&#8221;&#8221; hide_on_tablet=&#8221;&#8221; hide_on_mobile=&#8221;&#8221;]<div id=\"sc_title_1893491791\"\r\n\t\tclass=\"sc_title sc_title_default\"><h5 class=\"sc_item_title sc_title_title sc_align_left sc_item_title_style_default sc_item_title_tag\">Emotionellt fokuserad parterapi<\/h5><div class=\"sc_item_descr sc_title_descr sc_align_left\"><p>I emotionellt fokuserad parterapi \u00e4r syftet att \u00f6ka tryggheten i relationen och hj\u00e4lpa b\u00e5da parterna att uttrycka sina behov och k\u00e4nslor och att skapa nya positiva m\u00f6nster.<\/p>\n<\/div><div class=\"sc_item_button sc_button_wrap sc_align_left\"><a href=\"\/sv\/parterapi\" id=\"sc_button_1276588463\" class=\"sc_button sc_button_default sc_item_button sc_item_button_default sc_title_button sc_button_size_normal sc_button_icon_left\"><span class=\"sc_button_text\"><span class=\"sc_button_title\">L\u00e4s mer<\/span><\/span><!-- \/.sc_button_text --><\/a><!-- \/.sc_button --><\/div><!-- \/.sc_item_button --><\/div><!-- \/.sc_title -->[\/vc_column_inner][vc_column_inner width=&#8221;1\/2&#8243; hide_bg_image_on_tablet=&#8221;&#8221; hide_bg_image_on_mobile=&#8221;&#8221; icons_position=&#8221;left&#8221;][vc_single_image image=&#8221;362&#8243; img_size=&#8221;full&#8221;][vc_empty_space height=&#8221;2em&#8221; hide_on_desktop=&#8221;&#8221; hide_on_notebook=&#8221;&#8221; hide_on_tablet=&#8221;&#8221; hide_on_mobile=&#8221;&#8221;]<div id=\"sc_title_1598539169\"\r\n\t\tclass=\"sc_title sc_title_default\"><h5 class=\"sc_item_title sc_title_title sc_align_left sc_item_title_style_default sc_item_title_tag\">Individuella st\u00f6dsamtal<\/h5><div class=\"sc_item_descr sc_title_descr sc_align_left\"><p>Ibland kan livet f\u00f6ra med sig omst\u00e4llningar och utmaningar som k\u00e4nns \u00f6verm\u00e4ktiga att bem\u00e4stra p\u00e5 egen hand. Om du funderar p\u00e5 din parrelation eller p\u00e5 din roll som f\u00f6r\u00e4lder och k\u00e4nner att du beh\u00f6ver prata med en utomst\u00e5ende erbjuder jag individuellt samtalsst\u00f6d.<\/p>\n<\/div><div class=\"sc_item_button sc_button_wrap sc_align_left\"><a href=\"\/sv\/individuella-stodsamtal\" id=\"sc_button_527409711\" class=\"sc_button sc_button_default sc_item_button sc_item_button_default sc_title_button sc_button_size_normal sc_button_icon_left\"><span class=\"sc_button_text\"><span class=\"sc_button_title\">L\u00e4s mer<\/span><\/span><!-- \/.sc_button_text --><\/a><!-- \/.sc_button --><\/div><!-- \/.sc_item_button --><\/div><!-- \/.sc_title -->[\/vc_column_inner][\/vc_row_inner][vc_row_inner equal_height=&#8221;yes&#8221; content_placement=&#8221;top&#8221; gap=&#8221;30&#8243; hide_bg_image_on_tablet=&#8221;&#8221; hide_bg_image_on_mobile=&#8221;&#8221; shape_divider_top_front=&#8221;&#8221; shape_divider_bottom_front=&#8221;&#8221; row_delimiter=&#8221;&#8221;][vc_column_inner width=&#8221;1\/2&#8243; hide_bg_image_on_tablet=&#8221;&#8221; hide_bg_image_on_mobile=&#8221;&#8221; icons_position=&#8221;left&#8221;][vc_single_image image=&#8221;358&#8243; img_size=&#8221;full&#8221;][vc_empty_space height=&#8221;2em&#8221; hide_on_desktop=&#8221;&#8221; hide_on_notebook=&#8221;&#8221; hide_on_tablet=&#8221;&#8221; hide_on_mobile=&#8221;&#8221;]<div id=\"sc_title_744869967\"\r\n\t\tclass=\"sc_title sc_title_default\"><h5 class=\"sc_item_title sc_title_title sc_align_left sc_item_title_style_default sc_item_title_tag\">Familjeterapi<\/h5><div class=\"sc_item_descr sc_title_descr sc_align_left\"><p>I familjeterapi jobbar man bland annat med att f\u00f6rb\u00e4ttra relationerna mellan familjemedlemmarna, att bem\u00e4stra sv\u00e5ra livssituationer och att komma vidare i kriser. Jag vill hj\u00e4lpa dig och dina familjemedlemmarna att hitta mera fungerande interaktionsmodeller.<\/p>\n<\/div><div class=\"sc_item_button sc_button_wrap sc_align_left\"><a href=\"\/sv\/familjeterapi\" id=\"sc_button_719379002\" class=\"sc_button sc_button_default sc_item_button sc_item_button_default sc_title_button sc_button_size_normal sc_button_icon_left\"><span class=\"sc_button_text\"><span class=\"sc_button_title\">L\u00e4s mer<\/span><\/span><!-- \/.sc_button_text --><\/a><!-- \/.sc_button --><\/div><!-- \/.sc_item_button --><\/div><!-- \/.sc_title -->[\/vc_column_inner][vc_column_inner width=&#8221;1\/2&#8243; hide_bg_image_on_tablet=&#8221;&#8221; hide_bg_image_on_mobile=&#8221;&#8221; icons_position=&#8221;left&#8221;][vc_single_image image=&#8221;356&#8243; img_size=&#8221;full&#8221;][vc_empty_space height=&#8221;2em&#8221; hide_on_desktop=&#8221;&#8221; hide_on_notebook=&#8221;&#8221; hide_on_tablet=&#8221;&#8221; hide_on_mobile=&#8221;&#8221;]<div id=\"sc_title_400129497\"\r\n\t\tclass=\"sc_title sc_title_default\"><h5 class=\"sc_item_title sc_title_title sc_align_left sc_item_title_style_default sc_item_title_tag\">Arbetshandledning, konsultation och skolning<\/h5><div class=\"sc_item_descr sc_title_descr sc_align_left\"><p>Jag erbjuder arbetshandledning f\u00f6r individer, arbetsgrupper och organisationer. Arbetshandledning \u00e4r en m\u00e5linriktad, konfidentiell process. I arbetshandledning kan man granska och utveckla erfarenheter och k\u00e4nslor som \u00e4r kopplade till arbetsrollen, arbetet och arbetsgemenskapen.<\/p>\n<\/div><div class=\"sc_item_button sc_button_wrap sc_align_left\"><a href=\"\/sv\/arbetshandledning\" id=\"sc_button_209131270\" class=\"sc_button sc_button_default sc_item_button sc_item_button_default sc_title_button sc_button_size_normal sc_button_icon_left\"><span class=\"sc_button_text\"><span class=\"sc_button_title\">L\u00e4s mer<\/span><\/span><!-- \/.sc_button_text --><\/a><!-- \/.sc_button --><\/div><!-- \/.sc_item_button --><\/div><!-- \/.sc_title -->[\/vc_column_inner][\/vc_row_inner][vc_empty_space height=&#8221;3em&#8221; alter_height=&#8221;none&#8221; hide_on_desktop=&#8221;&#8221; hide_on_notebook=&#8221;&#8221; hide_on_tablet=&#8221;&#8221; hide_on_mobile=&#8221;&#8221;][\/vc_column][\/vc_row][vc_row][vc_column icons_position=&#8221;left&#8221;][vc_empty_space height=&#8221;8.7em&#8221; alter_height=&#8221;none&#8221; hide_on_desktop=&#8221;&#8221; hide_on_notebook=&#8221;&#8221; hide_on_tablet=&#8221;&#8221; hide_on_mobile=&#8221;&#8221;][\/vc_column][\/vc_row][vc_row css_animation=&#8221;none&#8221;][vc_column width=&#8221;1\/2&#8243; icons_position=&#8221;left&#8221;][vc_single_image image=&#8221;364&#8243; img_size=&#8221;full&#8221;][\/vc_column][vc_column width=&#8221;1\/2&#8243; icons_position=&#8221;left&#8221;]<div id=\"sc_content_820001293\"\r\n\t\tclass=\"sc_content sc_content_default sc_float_center sc_shift_x_tiny\"><div class=\"sc_content_container\">[vc_empty_space height=&#8221;3em&#8221; alter_height=&#8221;none&#8221; hide_on_desktop=&#8221;&#8221; hide_on_notebook=&#8221;&#8221; hide_on_tablet=&#8221;1&#8243; hide_on_mobile=&#8221;&#8221;]<div id=\"sc_title_1674655984\"\r\n\t\tclass=\"sc_title sc_title_default\"><h6 class=\"sc_item_subtitle sc_title_subtitle sc_align_left sc_item_title_style_default\">Ta kontakt<\/h6><h2 class=\"sc_item_title sc_title_title sc_align_left sc_item_title_style_default\">Bylistening Oy<\/h2><\/div><!-- \/.sc_title -->[vc_empty_space height=&#8221;3.6em&#8221; alter_height=&#8221;none&#8221; hide_on_desktop=&#8221;&#8221; hide_on_notebook=&#8221;&#8221; hide_on_tablet=&#8221;&#8221; hide_on_mobile=&#8221;&#8221;]<div id=\"widget_contacts_93072883\" class=\"widget_area sc_widget_contacts vc_widget_contacts wpb_content_element\"><aside id=\"widget_contacts_93072883_widget\" class=\"widget widget_contacts\"><div class=\"contacts_wrap\"><div class=\"contacts_info\"><span class=\"contacts_address\"><span class=\"contacts_address_1\">Kappelikuja 6 B, 3:e v\u00e5ningen<\/span><span class=\"contacts_address_2\">02200 Esbo<\/span><\/span><a href=\"mailto:n&#111;&#110;a.&#112;s&#121;&#99;&#104;&#111;&#99;&#111;&#110;s&#117;&#108;ti&#110;&#103;&#64;g&#109;&#97;&#105;l.&#99;&#111;&#109;\"><span class=\"contacts_email\">&#110;&#111;na&#46;p&#115;&#121;c&#104;o&#99;on&#115;ul&#116;i&#110;g&#64;g&#109;&#97;&#105;l&#46;com<\/span><\/a><a href=\"tel:+358452122030\" class=\"contacts_phone\">+358 45 212 2030<\/a><\/div><\/div><!-- \/.contacts_wrap --><\/aside><\/div><\/div><\/div><!-- \/.sc_content -->[\/vc_column][\/vc_row][vc_row][vc_column icons_position=&#8221;left&#8221;][vc_empty_space height=&#8221;8.7em&#8221; alter_height=&#8221;none&#8221; hide_on_desktop=&#8221;&#8221; hide_on_notebook=&#8221;&#8221; hide_on_tablet=&#8221;&#8221; hide_on_mobile=&#8221;&#8221;][\/vc_column][\/vc_row]<\/p>\n<\/div>","protected":false},"excerpt":{"rendered":"<p>[vc_row full_width=&#8221;stretch_row&#8221; hide_bg_image_on_tablet=&#8221;&#8221; hide_bg_image_on_mobile=&#8221;&#8221; shape_divider_top_front=&#8221;&#8221; shape_divider_bottom_front=&#8221;&#8221; row_delimiter=&#8221;&#8221; hide_on_desktop=&#8221;&#8221; hide_on_notebook=&#8221;&#8221; hide_on_tablet=&#8221;&#8221; hide_on_mobile=&#8221;&#8221; hide_on_frontpage=&#8221;&#8221;][vc_column fix_column=&#8221;&#8221; hide_bg_image_on_tablet=&#8221;&#8221; hide_bg_image_on_mobile=&#8221;&#8221; icons_position=&#8221;left&#8221;][rev_slider_vc alias=&#8221;home-1&#8243;][\/vc_column][\/vc_row][vc_row content_placement=&#8221;top&#8221; css_animation=&#8221;fadeIn&#8221; row_delimiter=&#8221;&#8221; hide_on_desktop=&#8221;&#8221; hide_on_notebook=&#8221;&#8221; hide_on_tablet=&#8221;&#8221; hide_on_mobile=&#8221;&#8221; hide_on_frontpage=&#8221;&#8221;][vc_column icons_position=&#8221;left&#8221;][vc_empty_space height=&#8221;8.6em&#8221; alter_height=&#8221;none&#8221; hide_on_desktop=&#8221;&#8221; hide_on_notebook=&#8221;&#8221; hide_on_tablet=&#8221;&#8221; hide_on_mobile=&#8221;&#8221;][\/vc_column][vc_column width=&#8221;1\/2&#8243; icons_position=&#8221;left&#8221;][vc_single_image image=&#8221;428&#8243; img_size=&#8221;full&#8221;][\/vc_column][vc_column width=&#8221;1\/2&#8243; icons_position=&#8221;left&#8221;][\/vc_column][vc_column icons_position=&#8221;left&#8221;][vc_empty_space height=&#8221;8.6em&#8221; alter_height=&#8221;none&#8221; hide_on_desktop=&#8221;&#8221; hide_on_notebook=&#8221;&#8221; hide_on_tablet=&#8221;&#8221; hide_on_mobile=&#8221;&#8221;][\/vc_column][\/vc_row][vc_row full_width=&#8221;stretch_row_content_no_spaces&#8221; equal_height=&#8221;yes&#8221; content_placement=&#8221;middle&#8221; row_delimiter=&#8221;&#8221; hide_on_desktop=&#8221;&#8221; hide_on_notebook=&#8221;&#8221; hide_on_tablet=&#8221;&#8221; hide_on_mobile=&#8221;&#8221; hide_on_frontpage=&#8221;&#8221;][vc_column css_animation=&#8221;fadeIn&#8221; width=&#8221;1\/2&#8243; hide_bg_image_on_tablet=&#8221;&#8221; hide_bg_image_on_mobile=&#8221;&#8221; icons_position=&#8221;left&#8221; css=&#8221;.vc_custom_1668779321003{background-color:&hellip;<\/p>\n","protected":false},"author":1,"featured_media":0,"parent":0,"menu_order":0,"comment_status":"closed","ping_status":"closed","template":"","meta":{"footnotes":""},"class_list":["post-347","page","type-page","status-publish","hentry"],"aioseo_notices":[],"_links":{"self":[{"href":"https:\/\/www.bylistening.fi\/sv\/wp-json\/wp\/v2\/pages\/347","targetHints":{"allow":["GET"]}}],"collection":[{"href":"https:\/\/www.bylistening.fi\/sv\/wp-json\/wp\/v2\/pages"}],"about":[{"href":"https:\/\/www.bylistening.fi\/sv\/wp-json\/wp\/v2\/types\/page"}],"author":[{"embeddable":true,"href":"https:\/\/www.bylistening.fi\/sv\/wp-json\/wp\/v2\/users\/1"}],"replies":[{"embeddable":true,"href":"https:\/\/www.bylistening.fi\/sv\/wp-json\/wp\/v2\/comments?post=347"}],"version-history":[{"count":1,"href":"https:\/\/www.bylistening.fi\/sv\/wp-json\/wp\/v2\/pages\/347\/revisions"}],"predecessor-version":[{"id":495,"href":"https:\/\/www.bylistening.fi\/sv\/wp-json\/wp\/v2\/pages\/347\/revisions\/495"}],"wp:attachment":[{"href":"https:\/\/www.bylistening.fi\/sv\/wp-json\/wp\/v2\/media?parent=347"}],"curies":[{"name":"wp","href":"https:\/\/api.w.org\/{rel}","templated":true}]}}