{"id":396,"date":"2017-09-22T14:14:17","date_gmt":"2017-09-22T11:14:17","guid":{"rendered":"https:\/\/www.bylistening.fi\/minusta\/"},"modified":"2022-12-02T14:58:39","modified_gmt":"2022-12-02T12:58:39","slug":"om-mig","status":"publish","type":"page","link":"https:\/\/www.bylistening.fi\/sv\/om-mig\/","title":{"rendered":"Om mig"},"content":{"rendered":"<div class=\"wpb-content-wrapper\"><p>[vc_row row_delimiter=&#8221;&#8221; hide_on_desktop=&#8221;&#8221; hide_on_notebook=&#8221;&#8221; hide_on_tablet=&#8221;&#8221; hide_on_mobile=&#8221;&#8221; hide_on_frontpage=&#8221;&#8221;][vc_column icons_position=&#8221;left&#8221;][vc_empty_space height=&#8221;5em&#8221; alter_height=&#8221;none&#8221; hide_on_desktop=&#8221;&#8221; hide_on_notebook=&#8221;&#8221; hide_on_tablet=&#8221;&#8221; hide_on_mobile=&#8221;&#8221;][\/vc_column][vc_column width=&#8221;1\/2&#8243; icons_position=&#8221;left&#8221;][vc_single_image image=&#8221;433&#8243; img_size=&#8221;full&#8221;][\/vc_column][vc_column width=&#8221;1\/2&#8243; icons_position=&#8221;left&#8221;]<div id=\"sc_content_1611386102\"\r\n\t\tclass=\"sc_content sc_content_default sc_float_center sc_shift_x_tiny\"><div class=\"sc_content_container\">[vc_empty_space height=&#8221;1em&#8221; alter_height=&#8221;none&#8221; hide_on_desktop=&#8221;&#8221; hide_on_notebook=&#8221;&#8221; hide_on_tablet=&#8221;&#8221; hide_on_mobile=&#8221;&#8221;]<div id=\"sc_title_369658392\"\r\n\t\tclass=\"sc_title sc_title_default\"><h6 class=\"sc_item_subtitle sc_title_subtitle sc_align_left sc_item_title_style_default\">Nona Avell\u00e1n<\/h6><\/div><!-- \/.sc_title -->[vc_empty_space height=&#8221;2em&#8221; alter_height=&#8221;none&#8221; hide_on_desktop=&#8221;&#8221; hide_on_notebook=&#8221;&#8221; hide_on_tablet=&#8221;&#8221; hide_on_mobile=&#8221;&#8221;][vc_column_text]Jag \u00e4r psykoterapeut Nona Avell\u00e1n, legitimerad par- och familjepsykoterapeut och\u00a0arbetshandledare. Till min grundutbildning \u00e4r jag politices magister. Jag har jobbat med m\u00e4nniskor och relationer i \u00f6ver 20 \u00e5rs tid. F\u00f6r mig \u00e4r det viktigt\u00a0att lyssna p\u00e5 dig f\u00f6r att f\u00e5 en f\u00f6rst\u00e5else f\u00f6r din livssituation. Min m\u00e5ls\u00e4ttning \u00e4r att tillsammans med dig hitta dina styrkor och jag hoppas kunna inge hopp om att f\u00f6r\u00e4ndring till det b\u00e4ttre \u00e4r fullt m\u00f6jligt.<\/p>\n<p>Emotionellt fokuserad parterapi st\u00e5r v\u00e4ldigt n\u00e4ra mitt hj\u00e4rta och jag brinner f\u00f6r att hj\u00e4lpa par att bygga en tryggare k\u00e4nslom\u00e4ssig kontakt till varandra.<\/p>\n<p>Jag tar emot klienter b\u00e5de p\u00e5 min mottagning i \u00c4ngskulla i Esbo och vid behov p\u00e5 distans. Jag jobbar p\u00e5 svenska, finska och engelska.[\/vc_column_text][vc_empty_space height=&#8221;3.5em&#8221; alter_height=&#8221;none&#8221; hide_on_desktop=&#8221;&#8221; hide_on_notebook=&#8221;&#8221; hide_on_tablet=&#8221;&#8221; hide_on_mobile=&#8221;&#8221;]<a href=\"\/sv\/kontakt\" id=\"sc_button_1713912572\" class=\"sc_button sc_button_default sc_button_size_normal sc_button_icon_left\"><span class=\"sc_button_text\"><span class=\"sc_button_title\">Ta kontakt<\/span><\/span><!-- \/.sc_button_text --><\/a><!-- \/.sc_button --><\/div><\/div><!-- \/.sc_content -->[\/vc_column][vc_column icons_position=&#8221;left&#8221;][vc_empty_space height=&#8221;8.7em&#8221; alter_height=&#8221;none&#8221; hide_on_desktop=&#8221;&#8221; hide_on_notebook=&#8221;&#8221; hide_on_tablet=&#8221;&#8221; hide_on_mobile=&#8221;&#8221;][\/vc_column][\/vc_row]<\/p>\n<\/div>","protected":false},"excerpt":{"rendered":"<p>[vc_row row_delimiter=&#8221;&#8221; hide_on_desktop=&#8221;&#8221; hide_on_notebook=&#8221;&#8221; hide_on_tablet=&#8221;&#8221; hide_on_mobile=&#8221;&#8221; hide_on_frontpage=&#8221;&#8221;][vc_column icons_position=&#8221;left&#8221;][vc_empty_space height=&#8221;5em&#8221; alter_height=&#8221;none&#8221; hide_on_desktop=&#8221;&#8221; hide_on_notebook=&#8221;&#8221; hide_on_tablet=&#8221;&#8221; hide_on_mobile=&#8221;&#8221;][\/vc_column][vc_column width=&#8221;1\/2&#8243; icons_position=&#8221;left&#8221;][vc_single_image image=&#8221;433&#8243; img_size=&#8221;full&#8221;][\/vc_column][vc_column width=&#8221;1\/2&#8243; icons_position=&#8221;left&#8221;][\/vc_column][vc_column icons_position=&#8221;left&#8221;][vc_empty_space height=&#8221;8.7em&#8221; alter_height=&#8221;none&#8221; hide_on_desktop=&#8221;&#8221; hide_on_notebook=&#8221;&#8221; hide_on_tablet=&#8221;&#8221; hide_on_mobile=&#8221;&#8221;][\/vc_column][\/vc_row]<\/p>\n","protected":false},"author":1,"featured_media":0,"parent":0,"menu_order":0,"comment_status":"closed","ping_status":"closed","template":"","meta":{"footnotes":""},"class_list":["post-396","page","type-page","status-publish","hentry"],"aioseo_notices":[],"_links":{"self":[{"href":"https:\/\/www.bylistening.fi\/sv\/wp-json\/wp\/v2\/pages\/396","targetHints":{"allow":["GET"]}}],"collection":[{"href":"https:\/\/www.bylistening.fi\/sv\/wp-json\/wp\/v2\/pages"}],"about":[{"href":"https:\/\/www.bylistening.fi\/sv\/wp-json\/wp\/v2\/types\/page"}],"author":[{"embeddable":true,"href":"https:\/\/www.bylistening.fi\/sv\/wp-json\/wp\/v2\/users\/1"}],"replies":[{"embeddable":true,"href":"https:\/\/www.bylistening.fi\/sv\/wp-json\/wp\/v2\/comments?post=396"}],"version-history":[{"count":0,"href":"https:\/\/www.bylistening.fi\/sv\/wp-json\/wp\/v2\/pages\/396\/revisions"}],"wp:attachment":[{"href":"https:\/\/www.bylistening.fi\/sv\/wp-json\/wp\/v2\/media?parent=396"}],"curies":[{"name":"wp","href":"https:\/\/api.w.org\/{rel}","templated":true}]}}