{"id":401,"date":"2017-09-22T14:15:40","date_gmt":"2017-09-22T11:15:40","guid":{"rendered":"https:\/\/www.bylistening.fi\/yhteys\/"},"modified":"2025-02-13T11:47:48","modified_gmt":"2025-02-13T09:47:48","slug":"kontakt","status":"publish","type":"page","link":"https:\/\/www.bylistening.fi\/sv\/kontakt\/","title":{"rendered":"Kontakt"},"content":{"rendered":"<div class=\"wpb-content-wrapper\"><p>[vc_row full_width=&#8221;stretch_row_content_no_spaces&#8221; equal_height=&#8221;yes&#8221; hide_bg_image_on_tablet=&#8221;&#8221; hide_bg_image_on_mobile=&#8221;&#8221; shape_divider_top_front=&#8221;&#8221; shape_divider_bottom_front=&#8221;&#8221; row_delimiter=&#8221;&#8221; hide_on_desktop=&#8221;&#8221; hide_on_notebook=&#8221;&#8221; hide_on_tablet=&#8221;&#8221; hide_on_mobile=&#8221;&#8221; hide_on_frontpage=&#8221;&#8221;][vc_column width=&#8221;1\/2&#8243; fix_column=&#8221;&#8221; hide_bg_image_on_tablet=&#8221;&#8221; hide_bg_image_on_mobile=&#8221;&#8221; icons_position=&#8221;left&#8221;][vc_empty_space height=&#8221;6.8em&#8221; alter_height=&#8221;none&#8221; hide_on_desktop=&#8221;&#8221; hide_on_notebook=&#8221;&#8221; hide_on_tablet=&#8221;&#8221; hide_on_mobile=&#8221;&#8221;]<div id=\"sc_content_254608650\"\r\n\t\tclass=\"sc_content sc_content_default sc_float_center sc_margin_large\"><div class=\"sc_content_container\"><div id=\"sc_title_112800944\"\r\n\t\tclass=\"sc_title sc_title_default\"><h6 class=\"sc_item_subtitle sc_title_subtitle sc_align_left sc_item_title_style_default\">Ta kontakt<\/h6><h2 class=\"sc_item_title sc_title_title sc_align_left sc_item_title_style_default\">Bylistening Oy<\/h2><\/div><!-- \/.sc_title -->[vc_empty_space height=&#8221;3.8em&#8221; alter_height=&#8221;none&#8221; hide_on_desktop=&#8221;&#8221; hide_on_notebook=&#8221;&#8221; hide_on_tablet=&#8221;&#8221; hide_on_mobile=&#8221;&#8221;]<div id=\"widget_contacts_99448636\" class=\"widget_area sc_widget_contacts vc_widget_contacts wpb_content_element\"><aside id=\"widget_contacts_99448636_widget\" class=\"widget widget_contacts\"><div class=\"contacts_wrap\"><div class=\"contacts_info\"><span class=\"contacts_address\"><span class=\"contacts_address_1\">Kappelikuja 6 B, 3:e v\u00e5ningen<\/span><span class=\"contacts_address_2\">02200 Esbo<\/span><\/span><a href=\"mailto:no&#110;a.&#112;&#115;&#121;choconsu&#108;t&#105;&#110;g&#64;g&#109;a&#105;l&#46;&#99;o&#109;\"><span class=\"contacts_email\">&#110;ona&#46;p&#115;&#121;&#99;&#104;o&#99;&#111;&#110;&#115;ultin&#103;&#64;&#103;&#109;&#97;il&#46;&#99;o&#109;<\/span><\/a><a href=\"tel:+358452122030\" class=\"contacts_phone\">+358 45 212 2030<\/a><\/div><\/div><!-- \/.contacts_wrap --><\/aside><\/div>[vc_empty_space height=&#8221;8.8em&#8221; alter_height=&#8221;none&#8221; hide_on_desktop=&#8221;&#8221; hide_on_notebook=&#8221;&#8221; hide_on_tablet=&#8221;&#8221; hide_on_mobile=&#8221;&#8221;]<\/div><\/div><!-- \/.sc_content -->[\/vc_column][vc_column width=&#8221;1\/2&#8243; hide_bg_image_on_tablet=&#8221;&#8221; hide_bg_image_on_mobile=&#8221;&#8221; icons_position=&#8221;left&#8221; css=&#8221;.vc_custom_1669044047389{background-color: #ecebe6 !important;}&#8221;][vc_empty_space height=&#8221;6.8em&#8221; alter_height=&#8221;none&#8221; hide_on_desktop=&#8221;&#8221; hide_on_notebook=&#8221;&#8221; hide_on_tablet=&#8221;&#8221; hide_on_mobile=&#8221;&#8221;]<div id=\"sc_content_827322575\"\r\n\t\tclass=\"sc_content sc_content_default sc_float_right sc_margin_large\"><div class=\"sc_content_container\"><div id=\"sc_title_2057818277\"\r\n\t\tclass=\"sc_title sc_title_default\"><h6 class=\"sc_item_subtitle sc_title_subtitle sc_align_left sc_item_title_style_default\">Visste du?<\/h6><h2 class=\"sc_item_title sc_title_title sc_align_left sc_item_title_style_default\">FPA-Ers\u00e4ttning f\u00f6r psykoterapi<\/h2><\/div><!-- \/.sc_title -->[vc_empty_space height=&#8221;2.6em&#8221; alter_height=&#8221;none&#8221; hide_on_desktop=&#8221;&#8221; hide_on_notebook=&#8221;&#8221; hide_on_tablet=&#8221;&#8221; hide_on_mobile=&#8221;&#8221;][vc_column_text]Du kan f\u00e5 ers\u00e4ttning f\u00f6r rehabiliterande psykoterapi om din arbets- eller studief\u00f6rm\u00e5gan \u00e4r hotad. En f\u00f6ruts\u00e4ttning f\u00f6r att f\u00e5 Fpa-ers\u00e4ttning f\u00f6r psykoterapi \u00e4r en psykiaters bed\u00f6mning av din diagnos och ditt rehabiliteringsbehov. L\u00e4s mera om Fpa-ers\u00e4ttningar och ers\u00e4ttningsbelopp f\u00f6r psykoterapi p\u00e5 Fpa:s hemsidor <a href=\"https:\/\/www.fpa.fi\/\" target=\"_blank\" rel=\"noopener\">fpa.fi<\/a>.[\/vc_column_text][vc_empty_space height=&#8221;8.8em&#8221; alter_height=&#8221;none&#8221; hide_on_desktop=&#8221;&#8221; hide_on_notebook=&#8221;&#8221; hide_on_tablet=&#8221;&#8221; hide_on_mobile=&#8221;&#8221;]<\/div><\/div><!-- \/.sc_content -->[\/vc_column][\/vc_row]<\/p>\n<\/div>","protected":false},"excerpt":{"rendered":"<p>[vc_row full_width=&#8221;stretch_row_content_no_spaces&#8221; equal_height=&#8221;yes&#8221; hide_bg_image_on_tablet=&#8221;&#8221; hide_bg_image_on_mobile=&#8221;&#8221; shape_divider_top_front=&#8221;&#8221; shape_divider_bottom_front=&#8221;&#8221; row_delimiter=&#8221;&#8221; hide_on_desktop=&#8221;&#8221; hide_on_notebook=&#8221;&#8221; hide_on_tablet=&#8221;&#8221; hide_on_mobile=&#8221;&#8221; hide_on_frontpage=&#8221;&#8221;][vc_column width=&#8221;1\/2&#8243; fix_column=&#8221;&#8221; hide_bg_image_on_tablet=&#8221;&#8221; hide_bg_image_on_mobile=&#8221;&#8221; icons_position=&#8221;left&#8221;][vc_empty_space height=&#8221;6.8em&#8221; alter_height=&#8221;none&#8221; hide_on_desktop=&#8221;&#8221; hide_on_notebook=&#8221;&#8221; hide_on_tablet=&#8221;&#8221; hide_on_mobile=&#8221;&#8221;][\/vc_column][vc_column width=&#8221;1\/2&#8243; hide_bg_image_on_tablet=&#8221;&#8221; hide_bg_image_on_mobile=&#8221;&#8221; icons_position=&#8221;left&#8221; css=&#8221;.vc_custom_1669044047389{background-color: #ecebe6 !important;}&#8221;][vc_empty_space height=&#8221;6.8em&#8221; alter_height=&#8221;none&#8221; hide_on_desktop=&#8221;&#8221; hide_on_notebook=&#8221;&#8221; hide_on_tablet=&#8221;&#8221; hide_on_mobile=&#8221;&#8221;][\/vc_column][\/vc_row]<\/p>\n","protected":false},"author":1,"featured_media":0,"parent":0,"menu_order":0,"comment_status":"closed","ping_status":"closed","template":"","meta":{"footnotes":""},"class_list":["post-401","page","type-page","status-publish","hentry"],"aioseo_notices":[],"_links":{"self":[{"href":"https:\/\/www.bylistening.fi\/sv\/wp-json\/wp\/v2\/pages\/401","targetHints":{"allow":["GET"]}}],"collection":[{"href":"https:\/\/www.bylistening.fi\/sv\/wp-json\/wp\/v2\/pages"}],"about":[{"href":"https:\/\/www.bylistening.fi\/sv\/wp-json\/wp\/v2\/types\/page"}],"author":[{"embeddable":true,"href":"https:\/\/www.bylistening.fi\/sv\/wp-json\/wp\/v2\/users\/1"}],"replies":[{"embeddable":true,"href":"https:\/\/www.bylistening.fi\/sv\/wp-json\/wp\/v2\/comments?post=401"}],"version-history":[{"count":1,"href":"https:\/\/www.bylistening.fi\/sv\/wp-json\/wp\/v2\/pages\/401\/revisions"}],"predecessor-version":[{"id":493,"href":"https:\/\/www.bylistening.fi\/sv\/wp-json\/wp\/v2\/pages\/401\/revisions\/493"}],"wp:attachment":[{"href":"https:\/\/www.bylistening.fi\/sv\/wp-json\/wp\/v2\/media?parent=401"}],"curies":[{"name":"wp","href":"https:\/\/api.w.org\/{rel}","templated":true}]}}